{"id":27,"date":"2024-04-20T16:27:33","date_gmt":"2024-04-20T16:27:33","guid":{"rendered":"https:\/\/danceswing.fi\/?page_id=27"},"modified":"2024-04-20T17:41:51","modified_gmt":"2024-04-20T17:41:51","slug":"markkinointirekisteri","status":"publish","type":"page","link":"https:\/\/danceswing.fi\/?page_id=27","title":{"rendered":"Markkinointirekisteri"},"content":{"rendered":"\n<p>TIETOSUOJA-ASETUKSEN MUKAINEN REKISTER\u00d6IDYN INFORMOINTI<\/p>\n\n\n\n<p><strong>Rekisterin nimi<\/strong><br>Markkinointirekisteri<\/p>\n\n\n\n<p><strong>Rekisterinpit\u00e4j\u00e4<\/strong><br>Dance Swing ry Y-tunnus 2764206-2\u00a0<br>Vipusenkatu 22 87700 Kajaani<\/p>\n\n\n\n<p><strong>Yhteyshenkil\u00f6 rekisteri\u00e4 koskevissa asioissa<\/strong><br>Martti Komulainen p.0500 748928 marttikomulainen55@gmail.com<\/p>\n\n\n\n<p><strong>Henkil\u00f6tietojen k\u00e4sittelyn tarkoitus ja oikeusperuste<\/strong><br>Henkil\u00f6tietoja ker\u00e4t\u00e4\u00e4n tietty\u00e4, nimenomaista ja laillista tarkoitusta varten. Tietoja ker\u00e4t\u00e4\u00e4n markkinointirekisterin yll\u00e4pit\u00e4mist\u00e4 ja seuran palveluiden toimittamista varten. Henkil\u00f6tietojen k\u00e4sittelyn oikeusperuste on lakis\u00e4\u00e4teisten velvoitteiden t\u00e4ytt\u00e4minen (yhdistyslaki).<\/p>\n\n\n\n<p><strong>Rekisterin henkil\u00f6tietoryhm\u00e4t<\/strong><br>Rekisteri sis\u00e4lt\u00e4\u00e4 henkil\u00f6tietoja, joita ovat mm. nimi, kotipaikka ja yhteystiedot, s\u00e4hk\u00f6postiosoite, puhelinnumero ja muut tapahtuman tarvittavat tiedot.<\/p>\n\n\n\n<p><strong>S\u00e4\u00e4nn\u00f6nmukaiset tietol\u00e4hteet<\/strong><br>Rekisterin tiedot ker\u00e4t\u00e4\u00e4n rekister\u00f6idylt\u00e4 itselt\u00e4\u00e4n.<\/p>\n\n\n\n<p><strong>Tietojen s\u00e4\u00e4nn\u00f6nmukaiset luovutukset<\/strong><br>Tietoja ei luovuteta.<\/p>\n\n\n\n<p><strong>Tietojen siirto EEA-alueen ulkopuolelle<\/strong><br>Tietoja ei siirret\u00e4<\/p>\n\n\n\n<p><strong>Profilointi ja automaattinen p\u00e4\u00e4t\u00f6ksenteko<\/strong><br>Rekisterin tiedoilla ei tehd\u00e4 profilointia eik\u00e4 automaattista p\u00e4\u00e4t\u00f6ksentekoa.<\/p>\n\n\n\n<p><strong>Tietojen s\u00e4ilytysaika ja paikka<\/strong><br>Tieoja s\u00e4ilytet\u00e4\u00e4n puheenjohtajan tietokoneella ja varmuuskopiossa. Tiedot poistetaan kahden vuoden kuluttua siit\u00e4 kun lupa on saatu eik\u00e4 ko. henkil\u00f6 ole osallistunut leirille. Leirille ilmoittautuminen p\u00e4ivitt\u00e4\u00e4 aina alkamisajankohdan.<\/p>\n\n\n\n<p><strong>Rekister\u00f6iden oikeudet<\/strong><br>Rekister\u00f6idyll\u00e4 on oikeus saada p\u00e4\u00e4sy ja tarkastaa, h\u00e4nest\u00e4 koskevat rekisteriin tallennetut tiedot. Rekister\u00f6idyll\u00e4 on oikeus vaatia rekisterinpit\u00e4j\u00e4\u00e4 oikaisemaan h\u00e4nt\u00e4 koskevat virheelliset tiedot.\u00a0<\/p>\n\n\n\n<p>Rekister\u00f6idyll\u00e4 on oikeus vaatia rekisterinpit\u00e4j\u00e4\u00e4 poistamaan h\u00e4nt\u00e4 koskevat henkil\u00f6tiedot tai keskeytt\u00e4m\u00e4\u00e4n henkil\u00f6tietojen k\u00e4sittely, mik\u00e4li k\u00e4sittelylle ei ole en\u00e4\u00e4 perustetta.&nbsp;<\/p>\n\n\n\n<p>Rekister\u00f6idyll\u00e4 on oikeus vastustaa henkil\u00f6tietojen k\u00e4sittely\u00e4, markkinointia ja profilointia.&nbsp;<\/p>\n\n\n\n<p><a><\/a>Rekister\u00f6idyll\u00e4 on oikeus saada h\u00e4nt\u00e4 koskevat henkil\u00f6tiedot, jotka h\u00e4n on toimittanut rekisterinpit\u00e4j\u00e4lle, yleisesti k\u00e4ytetyss\u00e4 ja koneellisesti luettavassa muodossa ja oikeus siirt\u00e4\u00e4 kyseiset tiedot toiselle rekisterinpit\u00e4j\u00e4lle.<\/p>\n\n\n\n<p>Pyynn\u00f6t rekister\u00f6ityjen oikeuksien k\u00e4ytt\u00e4miseksi tulee toimittaa kirjallisesti ja allekirjoitettuna rekisterinpit\u00e4j\u00e4n yhteyshenkil\u00f6lle.<\/p>\n\n\n\n<p>Rekister\u00f6idyll\u00e4 on my\u00f6s oikeus tehd\u00e4 valitus valvontaviranomaiselle siin\u00e4 j\u00e4senvaltiossa, jossa h\u00e4nen vakinainen asuinpaikkansa tai ty\u00f6paikkansa on tai jossa v\u00e4itetty tietosuoja-asetuksen rikkominen on tapahtunut.<\/p>\n","protected":false},"excerpt":{"rendered":"<p>TIETOSUOJA-ASETUKSEN MUKAINEN REKISTER\u00d6IDYN INFORMOINTI Rekisterin nimiMarkkinointirekisteri Rekisterinpit\u00e4j\u00e4Dance Swing ry Y-tunnus 2764206-2\u00a0Vipusenkatu 22 87700 Kajaani Yhteyshenkil\u00f6 rekisteri\u00e4 koskevissa asioissaMartti Komulainen p.0500 &hellip; <\/p>\n","protected":false},"author":1,"featured_media":0,"parent":0,"menu_order":0,"comment_status":"closed","ping_status":"closed","template":"","meta":{"footnotes":""},"class_list":["post-27","page","type-page","status-publish","hentry"],"_links":{"self":[{"href":"https:\/\/danceswing.fi\/index.php?rest_route=\/wp\/v2\/pages\/27","targetHints":{"allow":["GET"]}}],"collection":[{"href":"https:\/\/danceswing.fi\/index.php?rest_route=\/wp\/v2\/pages"}],"about":[{"href":"https:\/\/danceswing.fi\/index.php?rest_route=\/wp\/v2\/types\/page"}],"author":[{"embeddable":true,"href":"https:\/\/danceswing.fi\/index.php?rest_route=\/wp\/v2\/users\/1"}],"replies":[{"embeddable":true,"href":"https:\/\/danceswing.fi\/index.php?rest_route=%2Fwp%2Fv2%2Fcomments&post=27"}],"version-history":[{"count":1,"href":"https:\/\/danceswing.fi\/index.php?rest_route=\/wp\/v2\/pages\/27\/revisions"}],"predecessor-version":[{"id":28,"href":"https:\/\/danceswing.fi\/index.php?rest_route=\/wp\/v2\/pages\/27\/revisions\/28"}],"wp:attachment":[{"href":"https:\/\/danceswing.fi\/index.php?rest_route=%2Fwp%2Fv2%2Fmedia&parent=27"}],"curies":[{"name":"wp","href":"https:\/\/api.w.org\/{rel}","templated":true}]}}