{"id":22,"date":"2024-04-20T16:09:50","date_gmt":"2024-04-20T16:09:50","guid":{"rendered":"https:\/\/danceswing.fi\/?page_id=22"},"modified":"2024-04-20T17:42:08","modified_gmt":"2024-04-20T17:42:08","slug":"tietosuojaseloste","status":"publish","type":"page","link":"https:\/\/danceswing.fi\/?page_id=22","title":{"rendered":"Tapahtumarekisteri"},"content":{"rendered":"\n<p><strong>TIETOSUOJA-ASETUKSEN MUKAINEN REKISTER\u00d6IDYN INFORMOINTI<\/strong><\/p>\n\n\n\n<h2 class=\"wp-block-heading\">Rekisterin nimi<\/h2>\n\n\n\n<p>Tapahtumarekisteri<\/p>\n\n\n\n<h2 class=\"wp-block-heading\">Rekisterinpit\u00e4j\u00e4<\/h2>\n\n\n\n<p><a><\/a>Dance Swing ry Y-tunnus 2764206-2&nbsp;<\/p>\n\n\n\n<p>Vipusenkatu 22 87700 Kajaani<\/p>\n\n\n\n<h2 class=\"wp-block-heading\">Yhteyshenkil\u00f6 rekisteri\u00e4 koskevissa asioissa<\/h2>\n\n\n\n<p><a><\/a>Martti Komulainen p.0500 748928 marttikomulainen55@gmail.com<\/p>\n\n\n\n<h2 class=\"wp-block-heading\">Henkil\u00f6tietojen k\u00e4sittelyn tarkoitus ja oikeusperuste<\/h2>\n\n\n\n<p>Henkil\u00f6tietoja ker\u00e4t\u00e4\u00e4n tietty\u00e4, nimenomaista ja laillista tarkoitusta varten. Tietoja ker\u00e4t\u00e4\u00e4n tapahtumarekisterin yll\u00e4pit\u00e4mist\u00e4 ja seuran palveluiden toimittamista varten. Henkil\u00f6tietojen k\u00e4sittelyn oikeusperuste on lakis\u00e4\u00e4teisten velvoitteiden t\u00e4ytt\u00e4minen (yhdistyslaki).<\/p>\n\n\n\n<h2 class=\"wp-block-heading\">Rekisterin henkil\u00f6tietoryhm\u00e4t<\/h2>\n\n\n\n<p>Rekisteri sis\u00e4lt\u00e4\u00e4 henkil\u00f6tietoja, joita ovat mm. nimi, kotipaikka ja yhteystiedot, s\u00e4hk\u00f6postiosoite, puhelinnumero ja muut tapahtuman tarvittavat tiedot.<\/p>\n\n\n\n<h2 class=\"wp-block-heading\">S\u00e4\u00e4nn\u00f6nmukaiset tietol\u00e4hteet<\/h2>\n\n\n\n<p>Rekisterin tiedot ker\u00e4t\u00e4\u00e4n rekister\u00f6idylt\u00e4 itselt\u00e4\u00e4n.<\/p>\n\n\n\n<h2 class=\"wp-block-heading\"><a><\/a>Tietojen s\u00e4\u00e4nn\u00f6nmukaiset luovutukset<\/h2>\n\n\n\n<h2 class=\"wp-block-heading\">Tietoja ei luovuteta.<\/h2>\n\n\n\n<h2 class=\"wp-block-heading\">Tietojen siirto EEA-alueen ulkopuolelle<\/h2>\n\n\n\n<p>Tietoja ei siirret\u00e4.<\/p>\n\n\n\n<h2 class=\"wp-block-heading\">Profilointi ja automaattinen p\u00e4\u00e4t\u00f6ksenteko<\/h2>\n\n\n\n<p>Rekisterin tiedoilla ei tehd\u00e4 profilointia eik\u00e4 automaattista p\u00e4\u00e4t\u00f6ksentekoa.<\/p>\n\n\n\n<h2 class=\"wp-block-heading\">Tietojen s\u00e4ilytysaika<\/h2>\n\n\n\n<p>Tietoja s\u00e4ilytet\u00e4\u00e4n tanssileirin ajan.&nbsp;<\/p>\n\n\n\n<h2 class=\"wp-block-heading\">Rekister\u00f6iden oikeudet<\/h2>\n\n\n\n<p>Rekister\u00f6idyll\u00e4 on oikeus saada p\u00e4\u00e4sy ja tarkastaa, h\u00e4nest\u00e4 koskevat rekisteriin tallennetut tiedot. Rekister\u00f6idyll\u00e4 on oikeus vaatia rekisterinpit\u00e4j\u00e4\u00e4 oikaisemaan h\u00e4nt\u00e4 koskevat virheelliset tiedot.&nbsp;<\/p>\n\n\n\n<p>Rekister\u00f6idyll\u00e4 on oikeus vaatia rekisterinpit\u00e4j\u00e4\u00e4 poistamaan h\u00e4nt\u00e4 koskevat henkil\u00f6tiedot tai keskeytt\u00e4m\u00e4\u00e4n henkil\u00f6tietojen k\u00e4sittely, mik\u00e4li k\u00e4sittelylle ei ole en\u00e4\u00e4 perustetta.&nbsp;<\/p>\n\n\n\n<p>Rekister\u00f6idyll\u00e4 on oikeus vastustaa henkil\u00f6tietojen k\u00e4sittely\u00e4, markkinointia ja profilointia.&nbsp;<\/p>\n\n\n\n<p><a><\/a>Rekister\u00f6idyll\u00e4 on oikeus saada h\u00e4nt\u00e4 koskevat henkil\u00f6tiedot, jotka h\u00e4n on toimittanut rekisterinpit\u00e4j\u00e4lle, yleisesti k\u00e4ytetyss\u00e4 ja koneellisesti luettavassa muodossa ja oikeus siirt\u00e4\u00e4 kyseiset tiedot toiselle rekisterinpit\u00e4j\u00e4lle.<\/p>\n\n\n\n<p>Pyynn\u00f6t rekister\u00f6ityjen oikeuksien k\u00e4ytt\u00e4miseksi tulee toimittaa kirjallisesti ja allekirjoitettuna rekisterinpit\u00e4j\u00e4n yhteyshenkil\u00f6lle.<\/p>\n\n\n\n<p>Rekister\u00f6idyll\u00e4 on my\u00f6s oikeus tehd\u00e4 valitus valvontaviranomaiselle siin\u00e4 j\u00e4senvaltiossa, jossa h\u00e4nen vakinainen asuinpaikkansa tai ty\u00f6paikkansa on tai jossa v\u00e4itetty tietosuoja-asetuksen rikkominen on tapahtunut.<\/p>\n","protected":false},"excerpt":{"rendered":"<p>TIETOSUOJA-ASETUKSEN MUKAINEN REKISTER\u00d6IDYN INFORMOINTI Rekisterin nimi Tapahtumarekisteri Rekisterinpit\u00e4j\u00e4 Dance Swing ry Y-tunnus 2764206-2&nbsp; Vipusenkatu 22 87700 Kajaani Yhteyshenkil\u00f6 rekisteri\u00e4 koskevissa &hellip; <\/p>\n","protected":false},"author":1,"featured_media":0,"parent":0,"menu_order":0,"comment_status":"closed","ping_status":"closed","template":"","meta":{"footnotes":""},"class_list":["post-22","page","type-page","status-publish","hentry"],"_links":{"self":[{"href":"https:\/\/danceswing.fi\/index.php?rest_route=\/wp\/v2\/pages\/22","targetHints":{"allow":["GET"]}}],"collection":[{"href":"https:\/\/danceswing.fi\/index.php?rest_route=\/wp\/v2\/pages"}],"about":[{"href":"https:\/\/danceswing.fi\/index.php?rest_route=\/wp\/v2\/types\/page"}],"author":[{"embeddable":true,"href":"https:\/\/danceswing.fi\/index.php?rest_route=\/wp\/v2\/users\/1"}],"replies":[{"embeddable":true,"href":"https:\/\/danceswing.fi\/index.php?rest_route=%2Fwp%2Fv2%2Fcomments&post=22"}],"version-history":[{"count":2,"href":"https:\/\/danceswing.fi\/index.php?rest_route=\/wp\/v2\/pages\/22\/revisions"}],"predecessor-version":[{"id":24,"href":"https:\/\/danceswing.fi\/index.php?rest_route=\/wp\/v2\/pages\/22\/revisions\/24"}],"wp:attachment":[{"href":"https:\/\/danceswing.fi\/index.php?rest_route=%2Fwp%2Fv2%2Fmedia&parent=22"}],"curies":[{"name":"wp","href":"https:\/\/api.w.org\/{rel}","templated":true}]}}