{"id":17,"date":"2024-04-20T17:43:04","date_gmt":"2024-04-20T17:43:04","guid":{"rendered":"https:\/\/danceswing.fi\/?page_id=17"},"modified":"2026-01-15T17:30:22","modified_gmt":"2026-01-15T17:30:22","slug":"tietoa-yhdistyksesta","status":"publish","type":"page","link":"https:\/\/danceswing.fi\/?page_id=17","title":{"rendered":"Tietoa yhdistyksest\u00e4"},"content":{"rendered":"\n<p>Dance Swing ry on perustettu vuonna 2011. Seuran p\u00e4\u00e4tarkoituksena oli tanssileirien j\u00e4rjest\u00e4minen joita toteutettiin yli kaksikymment\u00e4. Ensimm\u00e4iset kymmenen leiri\u00e4 j\u00e4rjestettiin Suomussalmella ja seuraavat ovat olleet Vuokatissa. Nykyisin keskityt\u00e4\u00e4n enemm\u00e4n tanssikurssien j\u00e4rjest\u00e4miseen Kajaanin l\u00e4hialueille sek\u00e4 tilauksesta pidett\u00e4ville yksityistunneille tai pienryhmille.<\/p>\n\n\n\n<p>Voit seurata meit\u00e4 my\u00f6s <a href=\"https:\/\/www.facebook.com\/groups\/478660378899222\">facebookissa<\/a>.<\/p>\n","protected":false},"excerpt":{"rendered":"<p>Dance Swing ry on perustettu vuonna 2011. Seuran p\u00e4\u00e4tarkoituksena oli tanssileirien j\u00e4rjest\u00e4minen joita toteutettiin yli kaksikymment\u00e4. Ensimm\u00e4iset kymmenen leiri\u00e4 j\u00e4rjestettiin &hellip; <\/p>\n","protected":false},"author":1,"featured_media":0,"parent":0,"menu_order":0,"comment_status":"closed","ping_status":"closed","template":"","meta":{"footnotes":""},"class_list":["post-17","page","type-page","status-publish","hentry"],"_links":{"self":[{"href":"https:\/\/danceswing.fi\/index.php?rest_route=\/wp\/v2\/pages\/17","targetHints":{"allow":["GET"]}}],"collection":[{"href":"https:\/\/danceswing.fi\/index.php?rest_route=\/wp\/v2\/pages"}],"about":[{"href":"https:\/\/danceswing.fi\/index.php?rest_route=\/wp\/v2\/types\/page"}],"author":[{"embeddable":true,"href":"https:\/\/danceswing.fi\/index.php?rest_route=\/wp\/v2\/users\/1"}],"replies":[{"embeddable":true,"href":"https:\/\/danceswing.fi\/index.php?rest_route=%2Fwp%2Fv2%2Fcomments&post=17"}],"version-history":[{"count":5,"href":"https:\/\/danceswing.fi\/index.php?rest_route=\/wp\/v2\/pages\/17\/revisions"}],"predecessor-version":[{"id":232,"href":"https:\/\/danceswing.fi\/index.php?rest_route=\/wp\/v2\/pages\/17\/revisions\/232"}],"wp:attachment":[{"href":"https:\/\/danceswing.fi\/index.php?rest_route=%2Fwp%2Fv2%2Fmedia&parent=17"}],"curies":[{"name":"wp","href":"https:\/\/api.w.org\/{rel}","templated":true}]}}