{"id":161,"date":"2025-08-10T13:31:15","date_gmt":"2025-08-10T13:31:15","guid":{"rendered":"https:\/\/danceswing.fi\/?page_id=161"},"modified":"2025-11-02T12:57:00","modified_gmt":"2025-11-02T12:57:00","slug":"ristijarvi-virtaala-30-31-8-2025","status":"publish","type":"page","link":"https:\/\/danceswing.fi\/?page_id=161","title":{"rendered":"Opettajat"},"content":{"rendered":"\n<figure class=\"wp-block-image size-large is-resized\"><img loading=\"lazy\" decoding=\"async\" width=\"1024\" height=\"859\" src=\"https:\/\/danceswing.fi\/wp-content\/uploads\/2025\/11\/Lea-ja-Mara-1024x859.jpg\" alt=\"\" class=\"wp-image-214\" style=\"width:840px;height:auto\" srcset=\"https:\/\/danceswing.fi\/wp-content\/uploads\/2025\/11\/Lea-ja-Mara-1024x859.jpg 1024w, https:\/\/danceswing.fi\/wp-content\/uploads\/2025\/11\/Lea-ja-Mara-300x252.jpg 300w\" sizes=\"auto, (max-width: 1024px) 100vw, 1024px\" \/><\/figure>\n\n\n\n<p><\/p>\n\n\n\n<h2 class=\"wp-block-heading\"><strong>Mara ja Lea<\/strong><\/h2>\n\n\n\n<p>Olemme yhdess\u00e4 opettaneet yli 20 vuotta. Kainuun Liikunta palkitsi meid\u00e4t kainuulaisten tanssiliikuttamisesta ansiomerkeill\u00e4 2025, Maran kultaisella ja Lean hopeisella.<\/p>\n\n\n\n<h3 class=\"wp-block-heading\"><strong>Lea Ker\u00e4ne<\/strong>n<\/h3>\n\n\n\n<p>p. 044 5656370, lea.keranen299(\u00e4t)gmail.com<br><br>Koulutus:<br>STOL tanssinopettaja kev\u00e4t 2023<br>Seuratanssin perusohjaaja 2015&nbsp;<br>Lis\u00e4ksi lukuisten tanssien erilliskoulutuksia. Kokemus: Noin 35 vuoden kokemus tanssien ohjaamisesta. Kilpailumenestys: Useita lavatanssien SM-kisojen palkintosijoja viimeisen kymmenen vuoden aikana.<\/p>\n\n\n\n<h3 class=\"wp-block-heading\"><strong>Martti Komulainen<\/strong>&nbsp;<\/h3>\n\n\n\n<p>p. 0500 748928, marttikomulainen55@gmail.com&nbsp;<br><br>Aktiivisesti kilpatanssia vuosina 1991- 1997 ja pari vuotta 2000 luvulla.<br>Ohjaajana Bailatinoa 5 vuotta ja lavatansseja vuodesta 1993 alkaen.&nbsp;<br>Ohjaajakoulutuksia alkuvuosina kilpatanssiin, bailatinoon ja lavatansseihin. Tuoreinpana on Wanhan tangon koulutus.<br>Tunneilla pyrin huomioimaan kaikkia tasapuolisesti neuvoja ja vinkkej\u00e4 antaen, kuitenkin siten, ettei tanssijan persoonallisuus k\u00e4rsisi.<\/p>\n","protected":false},"excerpt":{"rendered":"<p>Mara ja Lea Olemme yhdess\u00e4 opettaneet yli 20 vuotta. Kainuun Liikunta palkitsi meid\u00e4t kainuulaisten tanssiliikuttamisesta ansiomerkeill\u00e4 2025, Maran kultaisella ja &hellip; <\/p>\n","protected":false},"author":1,"featured_media":0,"parent":0,"menu_order":0,"comment_status":"closed","ping_status":"closed","template":"","meta":{"footnotes":""},"class_list":["post-161","page","type-page","status-publish","hentry"],"_links":{"self":[{"href":"https:\/\/danceswing.fi\/index.php?rest_route=\/wp\/v2\/pages\/161","targetHints":{"allow":["GET"]}}],"collection":[{"href":"https:\/\/danceswing.fi\/index.php?rest_route=\/wp\/v2\/pages"}],"about":[{"href":"https:\/\/danceswing.fi\/index.php?rest_route=\/wp\/v2\/types\/page"}],"author":[{"embeddable":true,"href":"https:\/\/danceswing.fi\/index.php?rest_route=\/wp\/v2\/users\/1"}],"replies":[{"embeddable":true,"href":"https:\/\/danceswing.fi\/index.php?rest_route=%2Fwp%2Fv2%2Fcomments&post=161"}],"version-history":[{"count":16,"href":"https:\/\/danceswing.fi\/index.php?rest_route=\/wp\/v2\/pages\/161\/revisions"}],"predecessor-version":[{"id":216,"href":"https:\/\/danceswing.fi\/index.php?rest_route=\/wp\/v2\/pages\/161\/revisions\/216"}],"wp:attachment":[{"href":"https:\/\/danceswing.fi\/index.php?rest_route=%2Fwp%2Fv2%2Fmedia&parent=161"}],"curies":[{"name":"wp","href":"https:\/\/api.w.org\/{rel}","templated":true}]}}